{"id":45,"date":"2019-11-11T02:22:38","date_gmt":"2019-11-11T02:22:38","guid":{"rendered":"https:\/\/barristar.wpocean.com\/?page_id=45"},"modified":"2023-12-04T14:33:29","modified_gmt":"2023-12-04T13:33:29","slug":"cases","status":"publish","type":"page","link":"https:\/\/notariusz-sobala.pl\/?page_id=45","title":{"rendered":"Op\u0142aty"},"content":{"rendered":"\t\t<div data-elementor-type=\"wp-page\" data-elementor-id=\"45\" class=\"elementor elementor-45\">\n\t\t\t\t\t\t<section class=\"elementor-section elementor-top-section elementor-element elementor-element-9fe317d elementor-section-boxed elementor-section-height-default elementor-section-height-default\" data-id=\"9fe317d\" data-element_type=\"section\" data-e-type=\"section\">\n\t\t\t\t\t\t<div class=\"elementor-container elementor-column-gap-default\">\n\t\t\t\t\t<div class=\"elementor-column elementor-col-50 elementor-top-column elementor-element elementor-element-26a0751\" data-id=\"26a0751\" data-element_type=\"column\" data-e-type=\"column\">\n\t\t\t<div class=\"elementor-widget-wrap elementor-element-populated\">\n\t\t\t\t\t\t<div class=\"elementor-element elementor-element-f4a4c6d elementor-widget elementor-widget-image\" data-id=\"f4a4c6d\" data-element_type=\"widget\" data-e-type=\"widget\" data-widget_type=\"image.default\">\n\t\t\t\t<div class=\"elementor-widget-container\">\n\t\t\t\t\t\t\t\t\t\t\t\t\t\t\t<img fetchpriority=\"high\" decoding=\"async\" width=\"1024\" height=\"683\" src=\"https:\/\/notariusz-sobala.pl\/wp-content\/uploads\/2023\/12\/AdobeStock_402673808-1024x683.jpeg\" class=\"attachment-large size-large wp-image-642\" alt=\"\" srcset=\"https:\/\/notariusz-sobala.pl\/wp-content\/uploads\/2023\/12\/AdobeStock_402673808-1024x683.jpeg 1024w, https:\/\/notariusz-sobala.pl\/wp-content\/uploads\/2023\/12\/AdobeStock_402673808-300x200.jpeg 300w, https:\/\/notariusz-sobala.pl\/wp-content\/uploads\/2023\/12\/AdobeStock_402673808-768x512.jpeg 768w, https:\/\/notariusz-sobala.pl\/wp-content\/uploads\/2023\/12\/AdobeStock_402673808-1536x1024.jpeg 1536w, https:\/\/notariusz-sobala.pl\/wp-content\/uploads\/2023\/12\/AdobeStock_402673808-2048x1365.jpeg 2048w, https:\/\/notariusz-sobala.pl\/wp-content\/uploads\/2023\/12\/AdobeStock_402673808-scaled-e1701696776531.jpeg 600w\" sizes=\"(max-width: 1024px) 100vw, 1024px\" \/>\t\t\t\t\t\t\t\t\t\t\t\t\t\t\t<\/div>\n\t\t\t\t<\/div>\n\t\t\t\t\t<\/div>\n\t\t<\/div>\n\t\t\t\t<div class=\"elementor-column elementor-col-50 elementor-top-column elementor-element elementor-element-f9a974f\" data-id=\"f9a974f\" data-element_type=\"column\" data-e-type=\"column\">\n\t\t\t<div class=\"elementor-widget-wrap elementor-element-populated\">\n\t\t\t\t\t\t<div class=\"elementor-element elementor-element-4bf9404 elementor-widget__width-initial elementor-widget elementor-widget-text-editor\" data-id=\"4bf9404\" data-element_type=\"widget\" data-e-type=\"widget\" data-widget_type=\"text-editor.default\">\n\t\t\t\t<div class=\"elementor-widget-container\">\n\t\t\t\t\t\t\t\t\t<p><span style=\"color: #c0b596; font-family: arial, helvetica, sans-serif;\"><strong><span style=\"font-size: 24px;\">Op\u0142aty<\/span><\/strong><\/span><\/p><p><span style=\"font-family: arial, helvetica, sans-serif;\">Notariuszowi za dokonanie czynno\u015bci notarialnych przys\u0142uguje <strong>wynagrodzenie okre\u015blone na podstawie umowy ze stronami czynno\u015bci<\/strong>, nie wy\u017csze ni\u017c maksymalne stawki taksy notarialnej w\u0142a\u015bciwe dla danej czynno\u015bci, <strong>powi\u0119kszone o nale\u017cny podatek VAT w stawce 23%<\/strong>.<\/span><\/p><p><span style=\"font-family: arial, helvetica, sans-serif;\">Uzgodnion\u0105 taks\u0119 notarialn\u0105 nale\u017cy ui\u015bci\u0107 <strong>got\u00f3wk\u0105<\/strong>, <strong>przelewem<\/strong> na rachunek Kancelarii lub <strong>kart\u0105 p\u0142atnicz\u0105<\/strong>.<\/span><\/p><p><span style=\"font-family: arial, helvetica, sans-serif;\">Ponadto, notariusz jako <strong>p\u0142atnik<\/strong> na podstawie odr\u0119bnych przepis\u00f3w i w zale\u017cno\u015bci od rodzaju dokonywanej czynno\u015bci, pobiera r\u00f3wnie\u017c nast\u0119puj\u0105ce <strong>op\u0142aty publicznoprawne<\/strong>:<\/span><\/p><ul><li><span style=\"font-family: arial, helvetica, sans-serif;\">podatek od czynno\u015bci cywilnoprawnych;<\/span><\/li><li><span style=\"font-family: arial, helvetica, sans-serif;\">podatek od spadk\u00f3w i darowizn;<\/span><\/li><li><span style=\"font-family: arial, helvetica, sans-serif;\">op\u0142aty s\u0105dowe.<\/span><\/li><\/ul><p><span style=\"font-family: arial, helvetica, sans-serif;\">Nale\u017cne op\u0142aty publicznoprawne nale\u017cy ui\u015bci\u0107 <strong>got\u00f3wk\u0105<\/strong> lub <strong>przelewem<\/strong> na rachunek Kancelarii, przy czym uznanie rachunku Kancelarii musi nast\u0105pi\u0107 przed dokonaniem czynno\u015bci.<\/span><\/p><p><span style=\"font-family: arial, helvetica, sans-serif;\">W celu uzyskania szczeg\u00f3\u0142owych informacji co do wysoko\u015bci wynagrodzenia notariusza oraz op\u0142at publicznoprawnych prosimy o kontakt z Kancelari\u0105 Notarialn\u0105.<\/span><\/p>\t\t\t\t\t\t\t\t<\/div>\n\t\t\t\t<\/div>\n\t\t\t\t\t<\/div>\n\t\t<\/div>\n\t\t\t\t\t<\/div>\n\t\t<\/section>\n\t\t<div class=\"elementor-element elementor-element-d5177fa e-flex e-con-boxed e-con e-parent\" data-id=\"d5177fa\" data-element_type=\"container\" data-e-type=\"container\">\n\t\t\t\t\t<div class=\"e-con-inner\">\n\t\t\t\t<div class=\"elementor-element elementor-element-368bd55 elementor-widget elementor-widget-spacer\" data-id=\"368bd55\" data-element_type=\"widget\" data-e-type=\"widget\" data-widget_type=\"spacer.default\">\n\t\t\t\t<div class=\"elementor-widget-container\">\n\t\t\t\t\t\t\t<div class=\"elementor-spacer\">\n\t\t\t<div class=\"elementor-spacer-inner\"><\/div>\n\t\t<\/div>\n\t\t\t\t\t\t<\/div>\n\t\t\t\t<\/div>\n\t\t\t\t\t<\/div>\n\t\t\t\t<\/div>\n\t\t\t\t<\/div>\n\t\t","protected":false},"excerpt":{"rendered":"Op\u0142aty Notariuszowi za dokonanie czynno\u015bci notarialnych przys\u0142uguje wynagrodzenie okre\u015blone na podstawie umowy ze stronami czynno\u015bci, nie wy\u017csze ni\u017c maksymalne stawki taksy notarialnej w\u0142a\u015bciwe dla danej czynno\u015bci, powi\u0119kszone o nale\u017cny podatek VAT w stawce 23%. Uzgodnion\u0105 taks\u0119 notarialn\u0105 nale\u017cy ui\u015bci\u0107 got\u00f3wk\u0105, przelewem na rachunek Kancelarii lub kart\u0105 p\u0142atnicz\u0105. Ponadto, notariusz jako p\u0142atnik na podstawie odr\u0119bnych przepis\u00f3w ","protected":false},"author":1,"featured_media":0,"parent":0,"menu_order":0,"comment_status":"closed","ping_status":"closed","template":"elementor_header_footer","meta":{"footnotes":""},"class_list":["post-45","page","type-page","status-publish","hentry"],"_links":{"self":[{"href":"https:\/\/notariusz-sobala.pl\/index.php?rest_route=\/wp\/v2\/pages\/45","targetHints":{"allow":["GET"]}}],"collection":[{"href":"https:\/\/notariusz-sobala.pl\/index.php?rest_route=\/wp\/v2\/pages"}],"about":[{"href":"https:\/\/notariusz-sobala.pl\/index.php?rest_route=\/wp\/v2\/types\/page"}],"author":[{"embeddable":true,"href":"https:\/\/notariusz-sobala.pl\/index.php?rest_route=\/wp\/v2\/users\/1"}],"replies":[{"embeddable":true,"href":"https:\/\/notariusz-sobala.pl\/index.php?rest_route=%2Fwp%2Fv2%2Fcomments&post=45"}],"version-history":[{"count":43,"href":"https:\/\/notariusz-sobala.pl\/index.php?rest_route=\/wp\/v2\/pages\/45\/revisions"}],"predecessor-version":[{"id":654,"href":"https:\/\/notariusz-sobala.pl\/index.php?rest_route=\/wp\/v2\/pages\/45\/revisions\/654"}],"wp:attachment":[{"href":"https:\/\/notariusz-sobala.pl\/index.php?rest_route=%2Fwp%2Fv2%2Fmedia&parent=45"}],"curies":[{"name":"wp","href":"https:\/\/api.w.org\/{rel}","templated":true}]}}