{"id":43,"date":"2019-11-11T02:22:26","date_gmt":"2019-11-11T02:22:26","guid":{"rendered":"https:\/\/barristar.wpocean.com\/?page_id=43"},"modified":"2023-12-07T10:42:42","modified_gmt":"2023-12-07T09:42:42","slug":"practice-area","status":"publish","type":"page","link":"https:\/\/notariusz-sobala.pl\/?page_id=43","title":{"rendered":"Dokumenty"},"content":{"rendered":"\t\t<div data-elementor-type=\"wp-page\" data-elementor-id=\"43\" class=\"elementor elementor-43\">\n\t\t\t\t<div class=\"elementor-element elementor-element-0a839d1 e-flex e-con-boxed e-con e-parent\" data-id=\"0a839d1\" data-element_type=\"container\" data-e-type=\"container\">\n\t\t\t\t\t<div class=\"e-con-inner\">\n\t\t\t\t<div class=\"elementor-element elementor-element-dbdfa6b elementor-widget elementor-widget-spacer\" data-id=\"dbdfa6b\" data-element_type=\"widget\" data-e-type=\"widget\" data-widget_type=\"spacer.default\">\n\t\t\t\t<div class=\"elementor-widget-container\">\n\t\t\t\t\t\t\t<div class=\"elementor-spacer\">\n\t\t\t<div class=\"elementor-spacer-inner\"><\/div>\n\t\t<\/div>\n\t\t\t\t\t\t<\/div>\n\t\t\t\t<\/div>\n\t\t\t\t\t<\/div>\n\t\t\t\t<\/div>\n\t\t<div class=\"elementor-element elementor-element-a9c38d8 e-flex e-con-boxed e-con e-parent\" data-id=\"a9c38d8\" data-element_type=\"container\" data-e-type=\"container\">\n\t\t\t\t\t<div class=\"e-con-inner\">\n\t\t<div class=\"elementor-element elementor-element-97776bb e-con-full e-flex e-con e-child\" data-id=\"97776bb\" data-element_type=\"container\" data-e-type=\"container\">\n\t\t\t\t<div class=\"elementor-element elementor-element-ab68a85 elementor-widget elementor-widget-image\" data-id=\"ab68a85\" data-element_type=\"widget\" data-e-type=\"widget\" data-widget_type=\"image.default\">\n\t\t\t\t<div class=\"elementor-widget-container\">\n\t\t\t\t\t\t\t\t\t\t\t\t\t\t\t<img fetchpriority=\"high\" decoding=\"async\" width=\"1024\" height=\"683\" src=\"https:\/\/notariusz-sobala.pl\/wp-content\/uploads\/2023\/11\/AdobeStock_232845942-1024x683.jpeg\" class=\"attachment-large size-large wp-image-485\" alt=\"\" srcset=\"https:\/\/notariusz-sobala.pl\/wp-content\/uploads\/2023\/11\/AdobeStock_232845942-1024x683.jpeg 1024w, https:\/\/notariusz-sobala.pl\/wp-content\/uploads\/2023\/11\/AdobeStock_232845942-300x200.jpeg 300w, https:\/\/notariusz-sobala.pl\/wp-content\/uploads\/2023\/11\/AdobeStock_232845942-768x512.jpeg 768w, https:\/\/notariusz-sobala.pl\/wp-content\/uploads\/2023\/11\/AdobeStock_232845942-1536x1024.jpeg 1536w, https:\/\/notariusz-sobala.pl\/wp-content\/uploads\/2023\/11\/AdobeStock_232845942-2048x1365.jpeg 2048w, https:\/\/notariusz-sobala.pl\/wp-content\/uploads\/2023\/11\/AdobeStock_232845942-scaled-e1701942145817.jpeg 600w\" sizes=\"(max-width: 1024px) 100vw, 1024px\" \/>\t\t\t\t\t\t\t\t\t\t\t\t\t\t\t<\/div>\n\t\t\t\t<\/div>\n\t\t\t\t<\/div>\n\t\t<div class=\"elementor-element elementor-element-17c8905 e-con-full e-flex e-con e-child\" data-id=\"17c8905\" data-element_type=\"container\" data-e-type=\"container\">\n\t\t\t\t<div class=\"elementor-element elementor-element-61de64c elementor-widget elementor-widget-heading\" data-id=\"61de64c\" data-element_type=\"widget\" data-e-type=\"widget\" data-widget_type=\"heading.default\">\n\t\t\t\t<div class=\"elementor-widget-container\">\n\t\t\t\t\t<h2 class=\"elementor-heading-title elementor-size-default\">Dokumenty<\/h2>\t\t\t\t<\/div>\n\t\t\t\t<\/div>\n\t\t\t\t<div class=\"elementor-element elementor-element-acc81ad elementor-widget elementor-widget-text-editor\" data-id=\"acc81ad\" data-element_type=\"widget\" data-e-type=\"widget\" data-widget_type=\"text-editor.default\">\n\t\t\t\t<div class=\"elementor-widget-container\">\n\t\t\t\t\t\t\t\t\t<p class=\"MsoNormal\" style=\"margin-bottom: .0001pt; text-align: justify; line-height: 17.0pt;\"><span style=\"font-size: 21px; font-family: 'Times New Roman', 'serif';\">Dokumenty, jakie nale\u017cy przygotowa\u0107 zale\u017c\u0105 od rodzaju dokonywanej czynno\u015bci dlatego w celu uzyskania szczeg\u00f3\u0142owych informacji prosimy o kontakt z Kancelari\u0105 w dogodnej dla Pa\u0144stwa formie \u2013 telefonicznie, mailowo b\u0105d\u017a osobi\u015bcie w kancelarii.\u00a0<\/span><\/p>\t\t\t\t\t\t\t\t<\/div>\n\t\t\t\t<\/div>\n\t\t\t\t<\/div>\n\t\t\t\t\t<\/div>\n\t\t\t\t<\/div>\n\t\t<div class=\"elementor-element elementor-element-48e1eca e-flex e-con-boxed e-con e-parent\" data-id=\"48e1eca\" data-element_type=\"container\" data-e-type=\"container\">\n\t\t\t\t\t<div class=\"e-con-inner\">\n\t\t\t\t<div class=\"elementor-element elementor-element-b46172b elementor-widget elementor-widget-spacer\" data-id=\"b46172b\" data-element_type=\"widget\" data-e-type=\"widget\" data-widget_type=\"spacer.default\">\n\t\t\t\t<div class=\"elementor-widget-container\">\n\t\t\t\t\t\t\t<div class=\"elementor-spacer\">\n\t\t\t<div class=\"elementor-spacer-inner\"><\/div>\n\t\t<\/div>\n\t\t\t\t\t\t<\/div>\n\t\t\t\t<\/div>\n\t\t\t\t\t<\/div>\n\t\t\t\t<\/div>\n\t\t\t\t<\/div>\n\t\t","protected":false},"excerpt":{"rendered":"Dokumenty Dokumenty, jakie nale\u017cy przygotowa\u0107 zale\u017c\u0105 od rodzaju dokonywanej czynno\u015bci dlatego w celu uzyskania szczeg\u00f3\u0142owych informacji prosimy o kontakt z Kancelari\u0105 w dogodnej dla Pa\u0144stwa formie \u2013 telefonicznie, mailowo b\u0105d\u017a osobi\u015bcie w kancelarii.\u00a0","protected":false},"author":1,"featured_media":0,"parent":0,"menu_order":0,"comment_status":"closed","ping_status":"closed","template":"elementor_header_footer","meta":{"footnotes":""},"class_list":["post-43","page","type-page","status-publish","hentry"],"_links":{"self":[{"href":"https:\/\/notariusz-sobala.pl\/index.php?rest_route=\/wp\/v2\/pages\/43","targetHints":{"allow":["GET"]}}],"collection":[{"href":"https:\/\/notariusz-sobala.pl\/index.php?rest_route=\/wp\/v2\/pages"}],"about":[{"href":"https:\/\/notariusz-sobala.pl\/index.php?rest_route=\/wp\/v2\/types\/page"}],"author":[{"embeddable":true,"href":"https:\/\/notariusz-sobala.pl\/index.php?rest_route=\/wp\/v2\/users\/1"}],"replies":[{"embeddable":true,"href":"https:\/\/notariusz-sobala.pl\/index.php?rest_route=%2Fwp%2Fv2%2Fcomments&post=43"}],"version-history":[{"count":19,"href":"https:\/\/notariusz-sobala.pl\/index.php?rest_route=\/wp\/v2\/pages\/43\/revisions"}],"predecessor-version":[{"id":676,"href":"https:\/\/notariusz-sobala.pl\/index.php?rest_route=\/wp\/v2\/pages\/43\/revisions\/676"}],"wp:attachment":[{"href":"https:\/\/notariusz-sobala.pl\/index.php?rest_route=%2Fwp%2Fv2%2Fmedia&parent=43"}],"curies":[{"name":"wp","href":"https:\/\/api.w.org\/{rel}","templated":true}]}}