{"id":39,"date":"2019-11-11T02:21:50","date_gmt":"2019-11-11T02:21:50","guid":{"rendered":"https:\/\/barristar.wpocean.com\/?page_id=39"},"modified":"2026-04-28T14:55:03","modified_gmt":"2026-04-28T12:55:03","slug":"contact","status":"publish","type":"page","link":"https:\/\/notariusz-sobala.pl\/?page_id=39","title":{"rendered":"Kontakt"},"content":{"rendered":"\t\t<div data-elementor-type=\"wp-page\" data-elementor-id=\"39\" class=\"elementor elementor-39\">\n\t\t\t\t<div class=\"elementor-element elementor-element-c81545b e-flex e-con-boxed e-con e-parent\" data-id=\"c81545b\" data-element_type=\"container\" data-e-type=\"container\">\n\t\t\t\t\t<div class=\"e-con-inner\">\n\t\t\t\t\t<\/div>\n\t\t\t\t<\/div>\n\t\t<div class=\"elementor-element elementor-element-82c0361 e-flex e-con-boxed e-con e-parent\" data-id=\"82c0361\" data-element_type=\"container\" data-e-type=\"container\">\n\t\t\t\t\t<div class=\"e-con-inner\">\n\t\t\t\t<div class=\"elementor-element elementor-element-f56fddd elementor-widget elementor-widget-spacer\" data-id=\"f56fddd\" data-element_type=\"widget\" data-e-type=\"widget\" data-widget_type=\"spacer.default\">\n\t\t\t\t<div class=\"elementor-widget-container\">\n\t\t\t\t\t\t\t<div class=\"elementor-spacer\">\n\t\t\t<div class=\"elementor-spacer-inner\"><\/div>\n\t\t<\/div>\n\t\t\t\t\t\t<\/div>\n\t\t\t\t<\/div>\n\t\t\t\t\t<\/div>\n\t\t\t\t<\/div>\n\t\t<div class=\"elementor-element elementor-element-95944c3 e-flex e-con-boxed e-con e-parent\" data-id=\"95944c3\" data-element_type=\"container\" data-e-type=\"container\">\n\t\t\t\t\t<div class=\"e-con-inner\">\n\t\t<div class=\"elementor-element elementor-element-a284bfa e-con-full e-flex e-con e-child\" data-id=\"a284bfa\" data-element_type=\"container\" data-e-type=\"container\">\n\t\t\t\t<div class=\"elementor-element elementor-element-61ca9b6 elementor-widget__width-initial elementor-widget elementor-widget-wpo-barristar_contactinfo\" data-id=\"61ca9b6\" data-element_type=\"widget\" data-e-type=\"widget\" data-widget_type=\"wpo-barristar_contactinfo.default\">\n\t\t\t\t<div class=\"elementor-widget-container\">\n\t\t\t\t\t\t\t<div class=\"contact-page-area\">\r\n\t\t\t<div class=\"contact-page-item\">\r\n\t\t\t\t<h2>Kontakt <\/h2><P>Kancelaria Notarialna Paulina Sobala NIP 6972278499<\/P>\t\t\t\t\t\t<div class=\"single-info\">\r\n\t\t\t\t\t\t\t<div class=\"info-con\">\r\n\t\t\t\t\t\t\t\t<i class='fi icon_pin_alt'><\/i>\t\t\t\t\t\t\t<\/div>\r\n\t\t\t\t\t\t\t<div class=\"phone\">\r\n\t\t\t\t\t\t\t\t<h3>Adres<\/h3>ul. 28 czerwca 1956 r. numer 121\n<br>61-544 Pozna\u0144\n\n\t\t\t\t\t\t\t<\/div>\r\n\t\t\t\t\t\t<\/div>\r\n\t\t\t\t\t\t\t\t\t\t<div class=\"single-info\">\r\n\t\t\t\t\t\t\t<div class=\"info-con\">\r\n\t\t\t\t\t\t\t\t<i class='fi icon_clock_alt'><\/i>\t\t\t\t\t\t\t<\/div>\r\n\t\t\t\t\t\t\t<div class=\"phone\">\r\n\t\t\t\t\t\t\t\t<h3>Godziny urz\u0119dowania<\/h3><br>poniedzia\u0142ek 9:00 \u2013 16:00<br>\n<br>\nwtorek 9:00 \u2013 16:00<br>\n<br>\n\u015broda 9:00 \u2013 16:00<br>\n<br>\nczwartek 9:00 \u2013 16:00<br>\n<br>\npi\u0105tek 9:00 \u2013 16:00 <br>\n<br>\nsobota 9:00 \u2013 13:00 <br>\n<br><br>\nInne terminy (w tym dokonanie czynno\u015bci w niedziel\u0119) po wcze\u015bniejszym uzgodnieniu telefonicznym. \n<br><br>\nW trosce o Pa\u0144stwa czas, przed wizyt\u0105 w Kancelarii prosimy o kontakt telefoniczny w celu ustalenia terminu spotkania.\n\n\t\t\t\t\t\t\t<\/div>\r\n\t\t\t\t\t\t<\/div>\r\n\t\t\t\t\t\t\t\t\t\t<div class=\"single-info\">\r\n\t\t\t\t\t\t\t<div class=\"info-con\">\r\n\t\t\t\t\t\t\t\t<i class='fi icon-earphones-alt'><\/i>\t\t\t\t\t\t\t<\/div>\r\n\t\t\t\t\t\t\t<div class=\"phone\">\r\n\t\t\t\t\t\t\t\t<h3>Telefon<\/h3><span>tel. kom. +48 510 050 578 <\/span>\n\t\t\t\t\t\t\t<\/div>\r\n\t\t\t\t\t\t<\/div>\r\n\t\t\t\t\t\t\t\t\t\t<div class=\"single-info\">\r\n\t\t\t\t\t\t\t<div class=\"info-con\">\r\n\t\t\t\t\t\t\t\t<i class='fi icon-envelope-open'><\/i>\t\t\t\t\t\t\t<\/div>\r\n\t\t\t\t\t\t\t<div class=\"phone\">\r\n\t\t\t\t\t\t\t\t<h3>Email<\/h3><span>kancelaria@notariusz-sobala.pl<\/span>\t\t\t\t\t\t\t<\/div>\r\n\t\t\t\t\t\t<\/div>\r\n\t\t\t\t\t\t\t<\/div>\r\n\t\t<\/div>\r\n\t\t\t\t<\/div>\n\t\t\t\t<\/div>\n\t\t\t\t<\/div>\n\t\t<div class=\"elementor-element elementor-element-b6c06d0 e-con-full e-flex e-con e-child\" data-id=\"b6c06d0\" data-element_type=\"container\" data-e-type=\"container\">\n\t\t\t\t<div class=\"elementor-element elementor-element-60f734d elementor-widget elementor-widget-html\" data-id=\"60f734d\" data-element_type=\"widget\" data-e-type=\"widget\" data-widget_type=\"html.default\">\n\t\t\t\t<div class=\"elementor-widget-container\">\n\t\t\t\t\t\n<h2>Napisz do nas<\/h2>\n    \n<!--[wpforms id=\"692\" title=\"false\"] -->\n<br><br>\n\n<div class=\"wpcf7 no-js\" id=\"wpcf7-f131-o1\" lang=\"en-US\" dir=\"ltr\" data-wpcf7-id=\"131\">\n<div class=\"screen-reader-response\"><p role=\"status\" aria-live=\"polite\" aria-atomic=\"true\"><\/p> <ul><\/ul><\/div>\n<form action=\"\/index.php?rest_route=%2Fwp%2Fv2%2Fpages%2F39#wpcf7-f131-o1\" method=\"post\" class=\"wpcf7-form init\" aria-label=\"Contact form\" novalidate=\"novalidate\" data-status=\"init\">\n<fieldset class=\"hidden-fields-container\"><input type=\"hidden\" name=\"_wpcf7\" value=\"131\" \/><input type=\"hidden\" name=\"_wpcf7_version\" value=\"6.1.6\" \/><input type=\"hidden\" name=\"_wpcf7_locale\" value=\"en_US\" \/><input type=\"hidden\" name=\"_wpcf7_unit_tag\" value=\"wpcf7-f131-o1\" \/><input type=\"hidden\" name=\"_wpcf7_container_post\" value=\"0\" \/><input type=\"hidden\" name=\"_wpcf7_posted_data_hash\" value=\"\" \/><input type=\"hidden\" name=\"_wpcf7_recaptcha_response\" value=\"\" \/>\n<\/fieldset>\n<div class=\"contact-home\">\n\t<div class=\"\">\n\t\t<p><span class=\"wpcf7-form-control-wrap\" data-name=\"text-100\"><input size=\"40\" maxlength=\"400\" class=\"wpcf7-form-control wpcf7-text wpcf7-validates-as-required form-control\" aria-required=\"true\" aria-invalid=\"false\" placeholder=\"Imi\u0119 i nazwisko\" value=\"\" type=\"text\" name=\"text-100\" \/><\/span>\n\t\t<\/p>\n\t<\/div>\n\t<div class=\"\">\n\t\t<p><span class=\"wpcf7-form-control-wrap\" data-name=\"text-329\"><input size=\"40\" maxlength=\"400\" class=\"wpcf7-form-control wpcf7-text wpcf7-validates-as-required form-control\" aria-required=\"true\" aria-invalid=\"false\" placeholder=\"Telefon\" value=\"\" type=\"text\" name=\"text-329\" \/><\/span>\n\t\t<\/p>\n\t<\/div>\n\t<div class=\"\">\n\t\t<p><span class=\"wpcf7-form-control-wrap\" data-name=\"email-633\"><input size=\"40\" maxlength=\"400\" class=\"wpcf7-form-control wpcf7-email wpcf7-validates-as-required wpcf7-text wpcf7-validates-as-email form-control\" aria-required=\"true\" aria-invalid=\"false\" placeholder=\"Email\" value=\"\" type=\"email\" name=\"email-633\" \/><\/span>\n\t\t<\/p>\n\t<\/div>\n\t<div>\n\t\t<p><span class=\"wpcf7-form-control-wrap\" data-name=\"textarea-8\"><textarea cols=\"40\" rows=\"10\" maxlength=\"2000\" class=\"wpcf7-form-control wpcf7-textarea wpcf7-validates-as-required form-control\" aria-required=\"true\" aria-invalid=\"false\" placeholder=\"Tre\u015b\u0107 pytania\" name=\"textarea-8\"><\/textarea><\/span>\n\t\t<\/p>\n\t<\/div>\n\t<div class=\"submit-btn-wrapper\">\n\t\t<p><input class=\"wpcf7-form-control wpcf7-submit has-spinner theme-btn\" type=\"submit\" value=\"Wy\u015blij\" \/>\n\t\t<\/p>\n\t<\/div>\n<\/div><p style=\"display: none !important;\" class=\"akismet-fields-container\" data-prefix=\"_wpcf7_ak_\"><label>&#916;<textarea name=\"_wpcf7_ak_hp_textarea\" cols=\"45\" rows=\"8\" maxlength=\"100\"><\/textarea><\/label><input type=\"hidden\" id=\"ak_js_1\" name=\"_wpcf7_ak_js\" value=\"174\"\/><script type=\"text\/javascript\">\n\/* <![CDATA[ *\/\ndocument.getElementById( \"ak_js_1\" ).setAttribute( \"value\", ( new Date() ).getTime() );\n\/* ]]> *\/\n<\/script>\n<\/p><div class=\"wpcf7-response-output\" aria-hidden=\"true\"><\/div>\n<\/form>\n<\/div>\n\t\t\t\t<\/div>\n\t\t\t\t<\/div>\n\t\t\t\t<\/div>\n\t\t\t\t\t<\/div>\n\t\t\t\t<\/div>\n\t\t<div class=\"elementor-element elementor-element-37c8136 e-flex e-con-boxed e-con e-parent\" data-id=\"37c8136\" data-element_type=\"container\" data-e-type=\"container\">\n\t\t\t\t\t<div class=\"e-con-inner\">\n\t\t\t\t\t<\/div>\n\t\t\t\t<\/div>\n\t\t<div class=\"elementor-element elementor-element-1a99ad6 e-flex e-con-boxed e-con e-parent\" data-id=\"1a99ad6\" data-element_type=\"container\" data-e-type=\"container\">\n\t\t\t\t\t<div class=\"e-con-inner\">\n\t\t\t\t<div class=\"elementor-element elementor-element-051fb4b elementor-widget elementor-widget-text-editor\" data-id=\"051fb4b\" data-element_type=\"widget\" data-e-type=\"widget\" data-widget_type=\"text-editor.default\">\n\t\t\t\t<div class=\"elementor-widget-container\">\n\t\t\t\t\t\t\t\t\t<p>Kancelaria notarialna ma swoj\u0105 siedzib\u0119 w centrum pozna\u0144skiej dzielnicy Wilda, w bezpo\u015brednim s\u0105siedztwie biura znajduje si\u0119 Rynek Wildecki. Kancelaria notarialna po\u0142o\u017cona jest na\u00a0<b>parterze<\/b>, z wej\u015bciem bezpo\u015brednio z ulicy (biuro mie\u015bci si\u0119 przy plac\u00f3wce banku BNP Paribas Bank Polska S.A.).<u><\/u><u><\/u><\/p>\t\t\t\t\t\t\t\t<\/div>\n\t\t\t\t<\/div>\n\t\t\t\t\t<\/div>\n\t\t\t\t<\/div>\n\t\t\t\t<section class=\"elementor-section elementor-top-section elementor-element elementor-element-cc5e776 elementor-section-boxed elementor-section-height-default elementor-section-height-default\" data-id=\"cc5e776\" data-element_type=\"section\" data-e-type=\"section\">\n\t\t\t\t\t\t<div class=\"elementor-container elementor-column-gap-default\">\n\t\t\t\t\t<div class=\"elementor-column elementor-col-100 elementor-top-column elementor-element elementor-element-c7b9e03\" data-id=\"c7b9e03\" data-element_type=\"column\" data-e-type=\"column\">\n\t\t\t<div class=\"elementor-widget-wrap elementor-element-populated\">\n\t\t\t\t\t\t<div class=\"elementor-element elementor-element-ec02b1c elementor-widget elementor-widget-google_maps\" data-id=\"ec02b1c\" data-element_type=\"widget\" data-e-type=\"widget\" data-widget_type=\"google_maps.default\">\n\t\t\t\t<div class=\"elementor-widget-container\">\n\t\t\t\t\t\t\t<div class=\"elementor-custom-embed\">\n\t\t\t<iframe loading=\"lazy\"\n\t\t\t\t\tsrc=\"https:\/\/maps.google.com\/maps?q=52.39217361933683%2C%2016.920385456026207&#038;t=m&#038;z=16&#038;output=embed&#038;iwloc=near\"\n\t\t\t\t\ttitle=\"52.39217361933683, 16.920385456026207\"\n\t\t\t\t\taria-label=\"52.39217361933683, 16.920385456026207\"\n\t\t\t><\/iframe>\n\t\t<\/div>\n\t\t\t\t\t\t<\/div>\n\t\t\t\t<\/div>\n\t\t\t\t\t<\/div>\n\t\t<\/div>\n\t\t\t\t\t<\/div>\n\t\t<\/section>\n\t\t\t\t<\/div>\n\t\t","protected":false},"excerpt":{"rendered":"Kontakt Kancelaria Notarialna Paulina Sobala NIP 6972278499 Adres ul. 28 czerwca 1956 r. numer 121 61-544 Pozna\u0144 Godziny urz\u0119dowania poniedzia\u0142ek 9:00 \u2013 16:00 wtorek 9:00 \u2013 16:00 \u015broda 9:00 \u2013 16:00 czwartek 9:00 \u2013 16:00 pi\u0105tek 9:00 \u2013 16:00 sobota 9:00 \u2013 13:00 Inne terminy (w tym dokonanie czynno\u015bci w niedziel\u0119) po wcze\u015bniejszym uzgodnieniu telefonicznym. ","protected":false},"author":1,"featured_media":0,"parent":0,"menu_order":0,"comment_status":"closed","ping_status":"closed","template":"elementor_header_footer","meta":{"footnotes":""},"class_list":["post-39","page","type-page","status-publish","hentry"],"_links":{"self":[{"href":"https:\/\/notariusz-sobala.pl\/index.php?rest_route=\/wp\/v2\/pages\/39","targetHints":{"allow":["GET"]}}],"collection":[{"href":"https:\/\/notariusz-sobala.pl\/index.php?rest_route=\/wp\/v2\/pages"}],"about":[{"href":"https:\/\/notariusz-sobala.pl\/index.php?rest_route=\/wp\/v2\/types\/page"}],"author":[{"embeddable":true,"href":"https:\/\/notariusz-sobala.pl\/index.php?rest_route=\/wp\/v2\/users\/1"}],"replies":[{"embeddable":true,"href":"https:\/\/notariusz-sobala.pl\/index.php?rest_route=%2Fwp%2Fv2%2Fcomments&post=39"}],"version-history":[{"count":123,"href":"https:\/\/notariusz-sobala.pl\/index.php?rest_route=\/wp\/v2\/pages\/39\/revisions"}],"predecessor-version":[{"id":913,"href":"https:\/\/notariusz-sobala.pl\/index.php?rest_route=\/wp\/v2\/pages\/39\/revisions\/913"}],"wp:attachment":[{"href":"https:\/\/notariusz-sobala.pl\/index.php?rest_route=%2Fwp%2Fv2%2Fmedia&parent=39"}],"curies":[{"name":"wp","href":"https:\/\/api.w.org\/{rel}","templated":true}]}}