{"id":37,"date":"2019-11-11T02:21:41","date_gmt":"2019-11-11T02:21:41","guid":{"rendered":"https:\/\/barristar.wpocean.com\/?page_id=37"},"modified":"2026-04-28T14:51:01","modified_gmt":"2026-04-28T12:51:01","slug":"about","status":"publish","type":"page","link":"https:\/\/notariusz-sobala.pl\/?page_id=37","title":{"rendered":"O Kancelarii"},"content":{"rendered":"\t\t<div data-elementor-type=\"wp-page\" data-elementor-id=\"37\" class=\"elementor elementor-37\">\n\t\t\t\t\t\t<section class=\"elementor-section elementor-top-section elementor-element elementor-element-260b78d elementor-section-full_width elementor-section-height-default elementor-section-height-default\" data-id=\"260b78d\" data-element_type=\"section\" data-e-type=\"section\">\n\t\t\t\t\t\t<div class=\"elementor-container elementor-column-gap-no\">\n\t\t\t\t\t<div class=\"elementor-column elementor-col-100 elementor-top-column elementor-element elementor-element-7e4ce94\" data-id=\"7e4ce94\" data-element_type=\"column\" data-e-type=\"column\">\n\t\t\t<div class=\"elementor-widget-wrap elementor-element-populated\">\n\t\t\t\t\t\t<div class=\"elementor-element elementor-element-e27e3d7 elementor-widget elementor-widget-wpo-barristar_about\" data-id=\"e27e3d7\" data-element_type=\"widget\" data-e-type=\"widget\" data-settings=\"{&quot;about_image&quot;:{&quot;url&quot;:&quot;https:\\\/\\\/notariusz-sobala.pl\\\/wp-content\\\/uploads\\\/2023\\\/11\\\/IMG-20230612-WA00021-e1701700948317.jpg&quot;,&quot;id&quot;:469,&quot;size&quot;:&quot;&quot;,&quot;alt&quot;:&quot;&quot;,&quot;source&quot;:&quot;library&quot;},&quot;signature_image&quot;:{&quot;url&quot;:&quot;&quot;,&quot;id&quot;:&quot;&quot;,&quot;size&quot;:&quot;&quot;}}\" data-widget_type=\"wpo-barristar_about.default\">\n\t\t\t\t<div class=\"elementor-widget-container\">\n\t\t\t\t\t\t\t<div class=\"about-section  about-area about-area2\">\r\n\t\t\t<div class=\"container\">\r\n\t\t\t\t<div class=\"row\">\r\n\t\t\t\t\t\t\t\t\t\t\t<div class=\"col col-lg-6 col-md-6\">\r\n\t\t\t\t\t\t\t<div class=\"about-title\">\r\n\t\t\t\t\t\t\t\t<div class=\"img-holder\">\r\n\t\t\t\t\t\t\t\t\t<img decoding=\"async\" src=\"https:\/\/notariusz-sobala.pl\/wp-content\/uploads\/2023\/11\/IMG-20230612-WA00021-e1701700948317.jpg\" alt=\"\">\t\t\t\t\t\t\t\t<\/div>\r\n\t\t\t\t\t\t\t<\/div>\r\n\t\t\t\t\t\t<\/div>\r\n\t\t\t\t\t\t<div class=\"col-lg-6 col-md-6\">\r\n\t\t\t\t\t\t\t<div class=\"about-text\">\r\n\t\t\t\t\t\t\t\t<p>Kancelaria notarialna prowadzona jest przez notariusz Paulin\u0119 Sobal\u0119, <br \/>kt\u00f3ra studia uko\u0144czy\u0142a na Wydziale Prawa i Administracji Uniwersytetu Szczeci\u0144skiego, a z notariatem zwi\u0105zana jest nieprzerwanie od 2012 roku, <br \/>kiedy ju\u017c podczas studi\u00f3w prawniczych stawia\u0142a swoje pierwsze kroki w pracy <br \/>u notariusza zdobywaj\u0105c do\u015bwiadczenie podczas praktyk w kancelarii notarialnej w Lesznie. Pod koniec studi\u00f3w podj\u0119\u0142a prac\u0119 w du\u017cej, szczeci\u0144skiej kancelarii notarialnej, gdzie uko\u0144czy\u0142a aplikacj\u0119 notarialn\u0105 przy Izbie Notarialnej w Szczecinie i po zdanym egzaminie notarialnym pe\u0142ni\u0142a funkcj\u0119 zast\u0119pcy notarialnego. Na mocy ostatecznej decyzji Ministra Sprawiedliwo\u015bci we wrze\u015bniu 2023 roku powo\u0142ana zosta\u0142a na notariusza i przez pierwsze lata swojej dzia\u0142alno\u015bci prowadzi\u0142a kancelari\u0119 notarialn\u0105 w Szczecinie. Od maja 2026 roku prowadzi natomiast kancelari\u0119 notarialn\u0105 w Poznaniu, a dok\u0142adniej w rozwijaj\u0105cej si\u0119 dzielnicy Wilda. Przez wiele lat pracy w zawodzie zdobywa\u0142a liczne do\u015bwiadczenia i praktyk\u0119, dzi\u0119ki kt\u00f3rym jako notariusz mo\u017ce zagwarantowa\u0107 Pa\u0144stwu profesjonalizm i rzetelno\u015b\u0107 na ka\u017cdym kroku oraz zgodno\u015b\u0107 czynno\u015bci z powszechnie obowi\u0105zuj\u0105cymi przepisami prawa, jak r\u00f3wnie\u017c etyk\u0105 zawodow\u0105 notariusza.<\/p><p style=\"text-align: left\">\u00a0<\/p>\t\t\t\t\t\t\t\t<div class=\"btns\">\r\n\t\t\t\t\t\t\t\t\t<div class=\"btn-style\">\r\n\t\t\t\t\t\t\t\t\t\t\t\t\t\t\t\t\t\t\t<\/div>\r\n\t\t\t\t\t\t\t\t<\/div>\r\n\t\t\t\t\t\t\t\t<div class=\"signature\">\r\n\t\t\t\t\t\t\t\t\t\t\t\t\t\t\t\t\t<\/div>\r\n\t\t\t\t\t\t\t<\/div>\r\n\t\t\t\t\t\t<\/div>\r\n\t\t\t\t\t\t\t\t\t<\/div>\r\n\t\t\t<\/div>\r\n\t\t<\/div>\r\n\t\t\t\t<\/div>\n\t\t\t\t<\/div>\n\t\t\t\t\t<\/div>\n\t\t<\/div>\n\t\t\t\t\t<\/div>\n\t\t<\/section>\n\t\t\t\t<\/div>\n\t\t","protected":false},"excerpt":{"rendered":"Kancelaria notarialna prowadzona jest przez notariusz Paulin\u0119 Sobal\u0119, kt\u00f3ra studia uko\u0144czy\u0142a na Wydziale Prawa i Administracji Uniwersytetu Szczeci\u0144skiego, a z notariatem zwi\u0105zana jest nieprzerwanie od 2012 roku, kiedy ju\u017c podczas studi\u00f3w prawniczych stawia\u0142a swoje pierwsze kroki w pracy u notariusza zdobywaj\u0105c do\u015bwiadczenie podczas praktyk w kancelarii notarialnej w Lesznie. Pod koniec studi\u00f3w podj\u0119\u0142a prac\u0119 w ","protected":false},"author":1,"featured_media":0,"parent":0,"menu_order":0,"comment_status":"closed","ping_status":"closed","template":"elementor_header_footer","meta":{"footnotes":""},"class_list":["post-37","page","type-page","status-publish","hentry"],"_links":{"self":[{"href":"https:\/\/notariusz-sobala.pl\/index.php?rest_route=\/wp\/v2\/pages\/37","targetHints":{"allow":["GET"]}}],"collection":[{"href":"https:\/\/notariusz-sobala.pl\/index.php?rest_route=\/wp\/v2\/pages"}],"about":[{"href":"https:\/\/notariusz-sobala.pl\/index.php?rest_route=\/wp\/v2\/types\/page"}],"author":[{"embeddable":true,"href":"https:\/\/notariusz-sobala.pl\/index.php?rest_route=\/wp\/v2\/users\/1"}],"replies":[{"embeddable":true,"href":"https:\/\/notariusz-sobala.pl\/index.php?rest_route=%2Fwp%2Fv2%2Fcomments&post=37"}],"version-history":[{"count":32,"href":"https:\/\/notariusz-sobala.pl\/index.php?rest_route=\/wp\/v2\/pages\/37\/revisions"}],"predecessor-version":[{"id":910,"href":"https:\/\/notariusz-sobala.pl\/index.php?rest_route=\/wp\/v2\/pages\/37\/revisions\/910"}],"wp:attachment":[{"href":"https:\/\/notariusz-sobala.pl\/index.php?rest_route=%2Fwp%2Fv2%2Fmedia&parent=37"}],"curies":[{"name":"wp","href":"https:\/\/api.w.org\/{rel}","templated":true}]}}